{"id":93,"date":"2016-03-30T15:23:37","date_gmt":"2016-03-30T14:23:37","guid":{"rendered":"http:\/\/oxymore.ma\/aus\/ar\/?page_id=93"},"modified":"2019-04-18T17:56:59","modified_gmt":"2019-04-18T16:56:59","slug":"%d9%86%d8%b5%d9%88%d8%b5-%d9%82%d8%a7%d9%86%d9%88%d9%86%d9%8a%d8%a9","status":"publish","type":"page","link":"https:\/\/ausy.ma\/ar\/%d9%86%d8%b5%d9%88%d8%b5-%d9%82%d8%a7%d9%86%d9%88%d9%86%d9%8a%d8%a9\/","title":{"rendered":"\u0646\u0635\u0648\u0635 \u0642\u0627\u0646\u0648\u0646\u064a\u0629"},"content":{"rendered":"<h1>\u0646\u0635\u0648\u0635 \u0642\u0627\u0646\u0648\u0646\u064a\u0629<\/h1>\n    <ul class=\"nav nav-tabs\">\n            <li class=\"active\" ><a href=\"#tab-966\" data-toggle=\"tab\">\u0627\u0644\u0642\u0648\u0627\u0646\u064a\u0646 \u0627\u0644\u0645\u0639\u0645\u0648\u0644 \u0628\u0647\u0627<\/a><\/li>\n            <li class=\"\" ><a href=\"#tab-986\" data-toggle=\"tab\">\u0645\u062c\u0645\u0648\u0639\u0629 \u0645\u0646 \u0627\u0644\u0646\u0635\u0648\u0635 \u0627\u0644\u0642\u0627\u0646\u0648\u0646\u064a\u0629<\/a><\/li>\n          <\/ul>\n\n    <div class=\"tab-content\">\n            <div class=\"tab-pane fade active in\" id=\"tab-966\">    <table class=\"table table-striped\">\n    <thead>\n      <tr>\n        <th>\u0627\u0644\u0639\u0646\u0648\u0627\u0646<\/th>\n        <th>\u0648\u062b\u064a\u0642\u0629<\/th>\n      <\/tr>\n    <\/thead>\n        <tr>\n    <tr>\n      <td>\u0642\u0631\u0627\u0631\u0645\u0634\u062a\u0631\u0643 \u0631\u0642\u0645 21.1032<\/td>\n      <td> <a href=\"https:\/\/ausy.ma\/ar\/wp-content\/uploads\/sites\/2\/2021\/06\/arre\u0302te\u0301_NSI_Ar.pdf\"><img decoding=\"async\" src=\"https:\/\/ausy.ma\/ar\/wp-content\/themes\/flattheme\/flat-theme\/assets\/images\/small-pdf.png\" \/><\/a> <\/td>\n    <\/tr>\n          <tr>\n    <tr>\n      <td>\u0642\u0631\u0627\u0631 \u0645\u0634\u062a\u0631\u0643 \u0627\u0644\u062a\u062f\u0628\u064a\u0631 \u0627\u0644\u0644\u0627\u0645\u0627\u062f\u064a \u0627\u0628\u0631\u064a\u0644 2020<\/td>\n      <td> <a href=\"https:\/\/ausy.ma\/ar\/wp-content\/uploads\/sites\/2\/2020\/06\/\u0642\u0631\u0627\u0631-\u0645\u0634\u062a\u0631\u0643-\u0627\u0644\u062a\u062f\u0628\u064a\u0631-\u0627\u0644\u0644\u0627\u0645\u0627\u062f\u064a-16-\u0627\u0628\u0631\u064a\u0644-2020.pdf\"><img decoding=\"async\" src=\"https:\/\/ausy.ma\/ar\/wp-content\/themes\/flattheme\/flat-theme\/assets\/images\/small-pdf.png\" \/><\/a> <\/td>\n    <\/tr>\n          <tr>\n    <tr>\n      <td>RGC16 avril 2020<\/td>\n      <td> <a href=\"https:\/\/ausy.ma\/ar\/wp-content\/uploads\/sites\/2\/2020\/06\/RGC16-avril-2020.pdf\"><img decoding=\"async\" src=\"https:\/\/ausy.ma\/ar\/wp-content\/themes\/flattheme\/flat-theme\/assets\/images\/small-pdf.png\" \/><\/a> <\/td>\n    <\/tr>\n          <tr>\n    <tr>\n      <td>\u0645\u0631\u0633\u0648\u0645 \u062a\u0637\u0628\u064a\u0642 \u0642\u0627\u0646\u0648\u0646 \u0627\u0644\u062a\u0639\u0645\u064a\u0631<\/td>\n      <td> <a href=\"https:\/\/ausy.ma\/ar\/wp-content\/uploads\/sites\/2\/2019\/09\/\u0645\u0631\u0633\u0648\u0645-\u062a\u0637\u0628\u064a\u0642-\u0642\u0627\u0646\u0648\u0646-\u0627\u0644\u062a\u0639\u0645\u064a\u0631.pdf\"><img decoding=\"async\" src=\"https:\/\/ausy.ma\/ar\/wp-content\/themes\/flattheme\/flat-theme\/assets\/images\/small-pdf.png\" \/><\/a> <\/td>\n    <\/tr>\n          <tr>\n    <tr>\n      <td>BO6503 \u0627\u0644\u0634\u0628\u0627\u0643 \u0627\u0644\u0648\u062d\u064a\u062f \u0644\u0631\u062e\u0635 \u0627\u0644\u0628\u0646\u0627\u0621<\/td>\n      <td> <a href=\"https:\/\/ausy.ma\/ar\/wp-content\/uploads\/sites\/2\/2019\/09\/BO6503-\u0627\u0644\u0634\u0628\u0627\u0643-\u0627\u0644\u0648\u062d\u064a\u062f-\u0644\u0631\u062e\u0635-\u0627\u0644\u0628\u0646\u0627\u0621.pdf\"><img decoding=\"async\" src=\"https:\/\/ausy.ma\/ar\/wp-content\/themes\/flattheme\/flat-theme\/assets\/images\/small-pdf.png\" \/><\/a> <\/td>\n    <\/tr>\n          <tr>\n    <tr>\n      <td>BO6306 \u0642\u0648\u0627\u0639\u062f \u0627\u0644\u0627\u062f\u0627\u0621 \u0627\u0644\u0637\u0627\u0642\u064a \u0644\u0644\u0628\u0646\u0627\u0621<\/td>\n      <td> <a href=\"https:\/\/ausy.ma\/ar\/wp-content\/uploads\/sites\/2\/2019\/09\/BO6306-\u0642\u0648\u0627\u0639\u062f-\u0627\u0644\u0627\u062f\u0627\u0621-\u0627\u0644\u0637\u0627\u0642\u064a-\u0644\u0644\u0628\u0646\u0627\u0621.pdf\"><img decoding=\"async\" src=\"https:\/\/ausy.ma\/ar\/wp-content\/themes\/flattheme\/flat-theme\/assets\/images\/small-pdf.png\" \/><\/a> <\/td>\n    <\/tr>\n          <tr>\n    <tr>\n      <td>BO6219 \u0627\u0644\u0648\u062b\u0627\u0626\u0642 \u0627\u0644\u0644\u0627\u0632\u0645\u0629 \u0644\u062a\u0633\u0644\u064a\u0645 \u0627\u0644\u0631\u062e\u0635<\/td>\n      <td> <a href=\"https:\/\/ausy.ma\/ar\/wp-content\/uploads\/sites\/2\/2019\/09\/BO6219-\u0627\u0644\u0648\u062b\u0627\u0626\u0642-\u0627\u0644\u0644\u0627\u0632\u0645\u0629-\u0644\u062a\u0633\u0644\u064a\u0645-\u0627\u0644\u0631\u062e\u0635.pdf\"><img decoding=\"async\" src=\"https:\/\/ausy.ma\/ar\/wp-content\/themes\/flattheme\/flat-theme\/assets\/images\/small-pdf.png\" \/><\/a> <\/td>\n    <\/tr>\n          <tr>\n    <tr>\n      <td>BO6155 \u0636\u0627\u0628\u0637 \u0627\u0644\u0639\u0627\u0645 \u0644\u0644\u0628\u0646\u0627\u0621 \u0627\u0644\u0645\u062d\u062f\u062f \u0644\u0634\u0631\u0648\u0637 \u062a\u0633\u0644\u064a\u0645 \u0627\u0644\u0631\u062e\u0635<\/td>\n      <td> <a href=\"https:\/\/ausy.ma\/ar\/wp-content\/uploads\/sites\/2\/2019\/09\/BO6155-\u0636\u0627\u0628\u0637-\u0627\u0644\u0639\u0627\u0645-\u0644\u0644\u0628\u0646\u0627\u0621-\u0627\u0644\u0645\u062d\u062f\u062f-\u0644\u0634\u0631\u0648\u0637-\u062a\u0633\u0644\u064a\u0645-\u0627\u0644\u0631\u062e\u0635.pdf\"><img decoding=\"async\" src=\"https:\/\/ausy.ma\/ar\/wp-content\/themes\/flattheme\/flat-theme\/assets\/images\/small-pdf.png\" \/><\/a> <\/td>\n    <\/tr>\n          <tr>\n    <tr>\n      <td>BO5646\u0627\u0644\u0627\u0645\u0627\u0643\u0646 \u0627\u0644\u0645\u062e\u0635\u0635\u0629 \u0644\u0627\u0642\u0627\u0645\u0629 \u0634\u0639\u0627\u0626\u0631 \u0627\u0644\u062f\u064a\u0646 \u0627\u0644\u0627\u0633\u0644\u0627\u0645\u064a<\/td>\n      <td> <a href=\"https:\/\/ausy.ma\/ar\/wp-content\/uploads\/sites\/2\/2019\/09\/BO5646\u0627\u0644\u0627\u0645\u0627\u0643\u0646-\u0627\u0644\u0645\u062e\u0635\u0635\u0629-\u0644\u0627\u0642\u0627\u0645\u0629-\u0634\u0639\u0627\u0626\u0631-\u0627\u0644\u062f\u064a\u0646-\u0627\u0644\u0627\u0633\u0644\u0627\u0645\u064a.pdf\"><img decoding=\"async\" src=\"https:\/\/ausy.ma\/ar\/wp-content\/themes\/flattheme\/flat-theme\/assets\/images\/small-pdf.png\" \/><\/a> <\/td>\n    <\/tr>\n          <tr>\n    <tr>\n      <td>BO4532 \u0627\u0644\u0648\u0643\u0627\u0644\u0629 \u0627\u0644\u062d\u0636\u0631\u064a\u0629 \u0627\u0633\u0641\u064a 1997<\/td>\n      <td> <a href=\"https:\/\/ausy.ma\/ar\/wp-content\/uploads\/sites\/2\/2019\/09\/BO4532-\u0627\u0644\u0648\u0643\u0627\u0644\u0629-\u0627\u0644\u062d\u0636\u0631\u064a\u0629-\u0627\u0633\u0641\u064a-1997.pdf\"><img decoding=\"async\" src=\"https:\/\/ausy.ma\/ar\/wp-content\/themes\/flattheme\/flat-theme\/assets\/images\/small-pdf.png\" \/><\/a> <\/td>\n    <\/tr>\n          <tr>\n    <tr>\n      <td>BO 4988 \u0636\u0627\u0628\u0637 \u0627\u0644\u0628\u0646\u0627\u0621 \u0627\u0644\u0645\u0636\u0627\u062f \u0644\u0644\u0632\u0644\u0627\u0632\u0644<\/td>\n      <td> <a href=\"https:\/\/ausy.ma\/ar\/wp-content\/uploads\/sites\/2\/2019\/09\/BO-4988-\u0636\u0627\u0628\u0637-\u0627\u0644\u0628\u0646\u0627\u0621-\u0627\u0644\u0645\u0636\u0627\u062f-\u0644\u0644\u0632\u0644\u0627\u0632\u0644.pdf\"><img decoding=\"async\" src=\"https:\/\/ausy.ma\/ar\/wp-content\/themes\/flattheme\/flat-theme\/assets\/images\/small-pdf.png\" \/><\/a> <\/td>\n    <\/tr>\n          <tr>\n    <tr>\n      <td>\u0645\u0632\u0627\u0648\u0644\u0629 \u0645\u0647\u0646\u0629 \u0627\u0644\u0647\u0646\u062f\u0633\u0629 2017<\/td>\n      <td> <a href=\"https:\/\/ausy.ma\/ar\/wp-content\/uploads\/sites\/2\/2019\/09\/\u0645\u0632\u0627\u0648\u0644\u0629-\u0645\u0647\u0646\u0629-\u0627\u0644\u0647\u0646\u062f\u0633\u0629-2017.pdf\"><img decoding=\"async\" src=\"https:\/\/ausy.ma\/ar\/wp-content\/themes\/flattheme\/flat-theme\/assets\/images\/small-pdf.png\" \/><\/a> <\/td>\n    <\/tr>\n          <tr>\n    <tr>\n      <td>\u0627\u0644\u0646\u0638\u0627\u0645 \u0627\u0644\u0646\u0645\u0648\u062f\u062c\u064a \u0644\u0644\u0645\u0644\u0643\u064a\u0629 \u0627\u0644\u0645\u0634\u062a\u0631\u0643\u0629 2018<\/td>\n      <td> <a href=\"https:\/\/ausy.ma\/ar\/wp-content\/uploads\/sites\/2\/2019\/09\/\u0627\u0644\u0646\u0638\u0627\u0645-\u0627\u0644\u0646\u0645\u0648\u062f\u062c\u064a-\u0644\u0644\u0645\u0644\u0643\u064a\u0629-\u0627\u0644\u0645\u0634\u062a\u0631\u0643\u0629-2018.pdf\"><img decoding=\"async\" src=\"https:\/\/ausy.ma\/ar\/wp-content\/themes\/flattheme\/flat-theme\/assets\/images\/small-pdf.png\" \/><\/a> <\/td>\n    <\/tr>\n          <tr>\n    <tr>\n      <td>\u0627\u0644\u0645\u0644\u0643\u064a\u0629 \u0627\u0644\u0645\u0634\u062a\u0631\u0643\u0629 2002<\/td>\n      <td> <a href=\"https:\/\/ausy.ma\/ar\/wp-content\/uploads\/sites\/2\/2019\/09\/\u0627\u0644\u0645\u0644\u0643\u064a\u0629-\u0627\u0644\u0645\u0634\u062a\u0631\u0643\u0629-2002.pdf\"><img decoding=\"async\" src=\"https:\/\/ausy.ma\/ar\/wp-content\/themes\/flattheme\/flat-theme\/assets\/images\/small-pdf.png\" \/><\/a> <\/td>\n    <\/tr>\n          <tr>\n    <tr>\n      <td>\u0627\u0644\u0642\u0627\u0646\u0648\u0646 12-66<\/td>\n      <td> <a href=\"https:\/\/ausy.ma\/ar\/wp-content\/uploads\/sites\/2\/2019\/09\/\u0627\u0644\u0642\u0627\u0646\u0648\u0646-12-66.pdf\"><img decoding=\"async\" src=\"https:\/\/ausy.ma\/ar\/wp-content\/themes\/flattheme\/flat-theme\/assets\/images\/small-pdf.png\" \/><\/a> <\/td>\n    <\/tr>\n          <tr>\n    <tr>\n      <td>\u0627\u0644\u062a\u062c\u062f\u064a\u062f \u0627\u0644\u062d\u0636\u0631\u064a 2017<\/td>\n      <td> <a href=\"https:\/\/ausy.ma\/ar\/wp-content\/uploads\/sites\/2\/2019\/09\/\u0627\u0644\u062a\u062c\u062f\u064a\u062f-\u0627\u0644\u062d\u0636\u0631\u064a-2017.pdf\"><img decoding=\"async\" src=\"https:\/\/ausy.ma\/ar\/wp-content\/themes\/flattheme\/flat-theme\/assets\/images\/small-pdf.png\" \/><\/a> <\/td>\n    <\/tr>\n          <tr>\n    <tr>\n      <td>\u0627\u0644\u0627\u0644\u062a\u0632\u0627\u0645\u0627\u062a \u0648 \u0627\u0644\u0639\u0642\u0648\u062f<\/td>\n      <td> <a href=\"https:\/\/ausy.ma\/ar\/wp-content\/uploads\/sites\/2\/2019\/09\/\u0627\u0644\u0627\u0644\u062a\u0632\u0627\u0645\u0627\u062a-\u0648-\u0627\u0644\u0639\u0642\u0648\u062f.pdf\"><img decoding=\"async\" src=\"https:\/\/ausy.ma\/ar\/wp-content\/themes\/flattheme\/flat-theme\/assets\/images\/small-pdf.png\" \/><\/a> <\/td>\n    <\/tr>\n          <tr>\n    <tr>\n      <td>\u0627\u062e\u062a\u0635\u0627\u0635\u0627\u062a \u0627\u0644\u0648\u0632\u064a\u0631 2018<\/td>\n      <td> <a href=\"https:\/\/ausy.ma\/ar\/wp-content\/uploads\/sites\/2\/2019\/09\/\u0627\u062e\u062a\u0635\u0627\u0635\u0627\u062a-\u0627\u0644\u0648\u0632\u064a\u0631-2018.pdf\"><img decoding=\"async\" src=\"https:\/\/ausy.ma\/ar\/wp-content\/themes\/flattheme\/flat-theme\/assets\/images\/small-pdf.png\" \/><\/a> <\/td>\n    <\/tr>\n          <\/table>\n<\/div>\n            <div class=\"tab-pane fade\" id=\"tab-986\">    <table class=\"table table-striped\">\n    <thead>\n      <tr>\n        <th>\u0627\u0644\u0639\u0646\u0648\u0627\u0646<\/th>\n        <th>\u0648\u062b\u064a\u0642\u0629<\/th>\n      <\/tr>\n    <\/thead>\n        <tr>\n    <tr>\n      <td>\u0638\u0647\u0627\u0626\u0631 \u0648 \u0642\u0648\u0627\u0646\u064a\u0646<\/td>\n      <td> <a href=\"https:\/\/ausy.ma\/ar\/wp-content\/uploads\/sites\/2\/2017\/06\/lois-et-Dahirs-en-arabe.pdf\"><img decoding=\"async\" src=\"https:\/\/ausy.ma\/ar\/wp-content\/themes\/flattheme\/flat-theme\/assets\/images\/small-pdf.png\" \/><\/a> <\/td>\n    <\/tr>\n          <tr>\n    <tr>\n      <td>\u0645\u0631\u0627\u0633\u064a\u0645 \u0648 \u0642\u0631\u0627\u0631\u0627\u062a<\/td>\n      <td> <a href=\"https:\/\/ausy.ma\/ar\/wp-content\/uploads\/sites\/2\/2017\/06\/D\u00e9crets-et-arr\u00eat\u00e9s-en-arabe.pdf\"><img decoding=\"async\" src=\"https:\/\/ausy.ma\/ar\/wp-content\/themes\/flattheme\/flat-theme\/assets\/images\/small-pdf.png\" \/><\/a> <\/td>\n    <\/tr>\n          <tr>\n    <tr>\n      <td>\u062f\u0648\u0631\u064a\u0627\u062a \u0641\u064a \u0627\u0644\u062a\u0639\u0645\u064a\u0631<\/td>\n      <td> <a href=\"https:\/\/ausy.ma\/ar\/wp-content\/uploads\/sites\/2\/2017\/06\/Circulaires-en-urbanisme.pdf\"><img decoding=\"async\" src=\"https:\/\/ausy.ma\/ar\/wp-content\/themes\/flattheme\/flat-theme\/assets\/images\/small-pdf.png\" \/><\/a> <\/td>\n    <\/tr>\n          <\/table>\n<\/div>\n          <\/div>\n\n\n<p>&nbsp;<\/p>\n","protected":false},"excerpt":{"rendered":"<p> [&hellip;]<\/p>\n","protected":false},"author":1,"featured_media":0,"parent":0,"menu_order":0,"comment_status":"closed","ping_status":"closed","template":"","meta":{"footnotes":""},"class_list":["post-93","page","type-page","status-publish","hentry"],"_links":{"self":[{"href":"https:\/\/ausy.ma\/ar\/wp-json\/wp\/v2\/pages\/93","targetHints":{"allow":["GET"]}}],"collection":[{"href":"https:\/\/ausy.ma\/ar\/wp-json\/wp\/v2\/pages"}],"about":[{"href":"https:\/\/ausy.ma\/ar\/wp-json\/wp\/v2\/types\/page"}],"author":[{"embeddable":true,"href":"https:\/\/ausy.ma\/ar\/wp-json\/wp\/v2\/users\/1"}],"replies":[{"embeddable":true,"href":"https:\/\/ausy.ma\/ar\/wp-json\/wp\/v2\/comments?post=93"}],"version-history":[{"count":3,"href":"https:\/\/ausy.ma\/ar\/wp-json\/wp\/v2\/pages\/93\/revisions"}],"predecessor-version":[{"id":8389,"href":"https:\/\/ausy.ma\/ar\/wp-json\/wp\/v2\/pages\/93\/revisions\/8389"}],"wp:attachment":[{"href":"https:\/\/ausy.ma\/ar\/wp-json\/wp\/v2\/media?parent=93"}],"curies":[{"name":"wp","href":"https:\/\/api.w.org\/{rel}","templated":true}]}}